{"id":17,"date":"2019-07-17T19:14:59","date_gmt":"2019-07-17T19:14:59","guid":{"rendered":"http:\/\/wikvaya.de\/?page_id=17"},"modified":"2023-09-29T16:21:56","modified_gmt":"2023-09-29T16:21:56","slug":"impressum","status":"publish","type":"page","link":"https:\/\/wikvaya.de\/?page_id=17","title":{"rendered":"Impressum"},"content":{"rendered":"\n<h1 class=\"wp-block-heading\">Impressum<\/h1>\n\n\n\n<p><a href=\"http:\/\/www.deutsche-anwaltshotline.de\/recht-auf-ihrer-website\/impressum-generator\">Impressum dieser Website erstellt<\/a>  \u00fcber den Generator der Deutschen Anwaltshotline AG<br><br>Angaben gem. \u00a7 5 TMG<br><br><strong>Betreiber und Kontakt:<\/strong><br>Thomas Wallraff<br>Balthasarstra\u00dfe 51 <br>50670 K\u00f6ln<br><br>Telefonnummer: +491778794276<br>E-Mail-Adresse: thomas.wallraff@wikvaya.de<\/p>\n\n\n\n<p>Steuernummer: 216\/5205\/1459<br><br><strong>Verantwortlicher f\u00fcr journalistisch-redaktionelle Inhalte gem. \u00a7 55 II RstV:<\/strong><br>Thomas Wallraff<br> Balthasarstra\u00dfe 51<br> 50670 K\u00f6ln<br><br><strong>Bilder und Grafiken:<\/strong><br>Angaben der Quelle f\u00fcr verwendetes Bilder- und Grafikmaterial:<br>Meine Bilder erstelle ich selbst bzw. erhalte von meinen Kunden die schriftliche Genehmigung zur Nutzung von Fotos.<\/p>\n\n\n\n<p><strong>Online-Streitbeilegung gem\u00e4\u00df Art. 14 Abs. 1 ODR-VO<\/strong><br>Die Europ\u00e4ische Kommission stellt eine Plattform zur Online-Streitbeilegung (OS) bereit, die Sie unter <a href=\"http:\/\/ec.europa.eu\/consumers\/odr\/\">http:\/\/ec.europa.eu\/consumers\/odr\/<\/a> finden.<\/p>\n","protected":false},"excerpt":{"rendered":"<p>Impressum Impressum dieser Website erstellt \u00fcber den Generator der Deutschen Anwaltshotline AG Angaben gem. \u00a7 5 TMG Betreiber und Kontakt:Thomas WallraffBalthasarstra\u00dfe 51 50670 K\u00f6ln Telefonnummer: +491778794276E-Mail-Adresse: thomas.wallraff@wikvaya.de Steuernummer: 216\/5205\/1459 Verantwortlicher f\u00fcr journalistisch-redaktionelle Inhalte gem. \u00a7 55 II RstV:Thomas Wallraff Balthasarstra\u00dfe 51 50670 K\u00f6ln Bilder und Grafiken:Angaben der Quelle f\u00fcr verwendetes Bilder- und Grafikmaterial:Meine Bilder erstelle &hellip; <\/p>\n<p class=\"link-more\"><a href=\"https:\/\/wikvaya.de\/?page_id=17\" class=\"more-link\"><span class=\"screen-reader-text\">\u201eImpressum\u201c <\/span>weiterlesen<\/a><\/p>\n","protected":false},"author":1,"featured_media":0,"parent":0,"menu_order":0,"comment_status":"closed","ping_status":"closed","template":"","meta":{"footnotes":""},"class_list":["post-17","page","type-page","status-publish","hentry"],"_links":{"self":[{"href":"https:\/\/wikvaya.de\/index.php?rest_route=\/wp\/v2\/pages\/17","targetHints":{"allow":["GET"]}}],"collection":[{"href":"https:\/\/wikvaya.de\/index.php?rest_route=\/wp\/v2\/pages"}],"about":[{"href":"https:\/\/wikvaya.de\/index.php?rest_route=\/wp\/v2\/types\/page"}],"author":[{"embeddable":true,"href":"https:\/\/wikvaya.de\/index.php?rest_route=\/wp\/v2\/users\/1"}],"replies":[{"embeddable":true,"href":"https:\/\/wikvaya.de\/index.php?rest_route=%2Fwp%2Fv2%2Fcomments&post=17"}],"version-history":[{"count":5,"href":"https:\/\/wikvaya.de\/index.php?rest_route=\/wp\/v2\/pages\/17\/revisions"}],"predecessor-version":[{"id":180,"href":"https:\/\/wikvaya.de\/index.php?rest_route=\/wp\/v2\/pages\/17\/revisions\/180"}],"wp:attachment":[{"href":"https:\/\/wikvaya.de\/index.php?rest_route=%2Fwp%2Fv2%2Fmedia&parent=17"}],"curies":[{"name":"wp","href":"https:\/\/api.w.org\/{rel}","templated":true}]}}